{"id":2318,"date":"2022-05-19T11:46:48","date_gmt":"2022-05-19T11:46:48","guid":{"rendered":"https:\/\/www.vaciadopisosbarcelona.net\/ca\/limpieza-con-ozono\/"},"modified":"2022-10-27T09:23:42","modified_gmt":"2022-10-27T09:23:42","slug":"neteja-amb-ozo","status":"publish","type":"page","link":"https:\/\/vaciadosdepisosbarcelona.com\/ca\/neteja-amb-ozo\/","title":{"rendered":"Neteja amb oz\u00f3"},"content":{"rendered":"<p>[et_pb_section fb_built=&#8221;1&#8243; custom_padding_last_edited=&#8221;on|desktop&#8221; admin_label=&#8221;section&#8221; _builder_version=&#8221;4.16&#8243; custom_padding_tablet=&#8221;50px|0|50px|0&#8243; custom_padding_phone=&#8221;50px|0|50px|0&#8243; transparent_background=&#8221;off&#8221; padding_mobile=&#8221;off&#8221; make_fullwidth=&#8221;off&#8221; use_custom_width=&#8221;off&#8221; width_unit=&#8221;off&#8221; custom_width_px=&#8221;1080px&#8221; custom_width_percent=&#8221;80%&#8221; global_colors_info=&#8221;{}&#8221;][et_pb_row padding_mobile=&#8221;off&#8221; column_padding_mobile=&#8221;on&#8221; admin_label=&#8221;row&#8221; _builder_version=&#8221;4.16&#8243; background_size=&#8221;initial&#8221; background_position=&#8221;top_left&#8221; background_repeat=&#8221;repeat&#8221; custom_padding=&#8221;27px|0px|4px|0px&#8221; make_fullwidth=&#8221;off&#8221; use_custom_width=&#8221;off&#8221; width_unit=&#8221;off&#8221; custom_width_px=&#8221;1080px&#8221; custom_width_percent=&#8221;80%&#8221; global_colors_info=&#8221;{}&#8221;][et_pb_column type=&#8221;4_4&#8243; _builder_version=&#8221;4.16&#8243; custom_padding=&#8221;|||&#8221; global_colors_info=&#8221;{}&#8221; custom_padding__hover=&#8221;|||&#8221;][et_pb_text admin_label=&#8221;Texto&#8221; _builder_version=&#8221;4.17.3&#8243; header_font=&#8221;|on|||&#8221; background_size=&#8221;initial&#8221; background_position=&#8221;top_left&#8221; background_repeat=&#8221;repeat&#8221; text_orientation=&#8221;center&#8221; module_alignment=&#8221;center&#8221; use_border_color=&#8221;off&#8221; border_style=&#8221;solid&#8221; global_colors_info=&#8221;{}&#8221;]<\/p>\n<h1>Neteja amb Oz\u00f3<\/h1>\n<p>[\/et_pb_text][et_pb_text _builder_version=&#8221;4.17.3&#8243; _module_preset=&#8221;default&#8221; text_font=&#8221;|600|||||||&#8221; text_font_size=&#8221;18px&#8221; global_colors_info=&#8221;{}&#8221;]<\/p>\n<p style=\"text-align: center;\">Professionals de neteja amb Oz\u00f3<\/p>\n<p>[\/et_pb_text][et_pb_button button_url=&#8221;\/ca\/contacte\/&#8221; button_text=&#8221;Sol\u00b7licita pressupost&#8221; button_alignment=&#8221;center&#8221; _builder_version=&#8221;4.17.3&#8243; _module_preset=&#8221;default&#8221; global_colors_info=&#8221;{}&#8221;][\/et_pb_button][et_pb_text admin_label=&#8221;Texto&#8221; _builder_version=&#8221;4.17.3&#8243; background_size=&#8221;initial&#8221; background_position=&#8221;top_left&#8221; background_repeat=&#8221;repeat&#8221; text_orientation=&#8221;justified&#8221; use_border_color=&#8221;off&#8221; border_style=&#8221;solid&#8221; global_colors_info=&#8221;{}&#8221;]L&#8217;oz\u00f3 \u00e9s un gas que est\u00e0 compost per 3 \u00e0toms d&#8217;oxigen, cosa que li confereix una capacitat d&#8217;oxidaci\u00f3 molt potent. \u00c9s aquesta capacitat d&#8217;oxidaci\u00f3 la que el converteix en un gas capa\u00e7 de desinfectar, descontaminar i esterilitzar l&#8217;aire i les superf\u00edcies que hi entren en contacte, fins i tot l&#8217;aigua i \u00e9s un dels recursos m\u00e9s potents per a una neteja de xoc.<\/p>\n<p>En q\u00fcesti\u00f3 de segons, l&#8217;oz\u00f3 oxida les parets cel\u00b7lulars de bacteris, virus, g\u00e8rmens, fongs, espores o fins i tot petits insectes com els \u00e0cars de la pols.<\/p>\n<p>Destrueix aix\u00ed aquests microorganismes i purifica les superf\u00edcies en m\u00e9s d&#8217;un 99%, eliminant fins i tot les males olors. D&#8217;aquesta manera, la desinfecci\u00f3 amb oz\u00f3 no deixa residus ni persist\u00e8ncia ni rastre despr\u00e9s del seu \u00fas. Per tant, no cal esbandir.<\/p>\n<p>La neteja amb oz\u00f3 est\u00e0 orientada per eliminar contaminants com:<\/p>\n<ul class=\"list-custom\">\n<li>Fum provinent del tabac o el foc.<\/li>\n<li>Floridura i la seva olor provinent de parets de fusta, catifes, moquetes i mobles amb humitat.<\/li>\n<li>Vapors i gasos qu\u00edmics de zones tancades.<\/li>\n<li>Olors org\u00e0niques provinents de mascotes i la descomposici\u00f3 d&#8217;aliments i altres elements org\u00e0nics.<\/li>\n<\/ul>\n<p>Utilitzem canons d&#8217;oz\u00f3 per descontaminar i desinfectar locals, oficines, vestuaris, sales d&#8217;emmagatzematge o producci\u00f3, etc. Sense cap altre producte qu\u00edmic addicional, la m\u00e0quina d&#8217;oz\u00f3 produeix i difon oz\u00f3 a les habitacions per destruir tots els microorganismes com bacteris, virus, fongs, g\u00e8rmens i males olors.<\/p>\n<p>Netegem manetes de portes, endolls i interruptors, teclats d&#8217;ordinador i qualsevol altre objecte en contacte habitual amb les mans quedaran nets i lliures de tots els microorganismes.[\/et_pb_text][\/et_pb_column][\/et_pb_row][et_pb_row column_structure=&#8221;1_3,1_3,1_3&#8243; padding_mobile=&#8221;off&#8221; column_padding_mobile=&#8221;on&#8221; admin_label=&#8221;row&#8221; _builder_version=&#8221;4.16&#8243; background_size=&#8221;initial&#8221; background_position=&#8221;top_left&#8221; background_repeat=&#8221;repeat&#8221; custom_padding=&#8221;27px|0px|53px|0px&#8221; make_fullwidth=&#8221;off&#8221; use_custom_width=&#8221;off&#8221; width_unit=&#8221;off&#8221; custom_width_px=&#8221;1080px&#8221; custom_width_percent=&#8221;80%&#8221; global_colors_info=&#8221;{}&#8221;][et_pb_column type=&#8221;1_3&#8243; _builder_version=&#8221;4.16&#8243; custom_padding=&#8221;|||&#8221; global_colors_info=&#8221;{}&#8221; custom_padding__hover=&#8221;|||&#8221;][et_pb_image src=&#8221;https:\/\/vaciadosdepisosbarcelona.com\/wp-content\/uploads\/2022\/10\/neteja-professional-amb-ozono.jpg&#8221; title_text=&#8221;neteja-professional-amb-ozono&#8221; align_tablet=&#8221;center&#8221; align_phone=&#8221;center&#8221; align_last_edited=&#8221;on|desktop&#8221; admin_label=&#8221;Imagen&#8221; _builder_version=&#8221;4.17.3&#8243; use_border_color=&#8221;off&#8221; border_color=&#8221;#ffffff&#8221; border_width=&#8221;1px&#8221; border_style=&#8221;solid&#8221; animation=&#8221;off&#8221; sticky=&#8221;off&#8221; always_center_on_mobile=&#8221;on&#8221; global_colors_info=&#8221;{}&#8221;][\/et_pb_image][\/et_pb_column][et_pb_column type=&#8221;1_3&#8243; _builder_version=&#8221;4.16&#8243; custom_padding=&#8221;|||&#8221; global_colors_info=&#8221;{}&#8221; custom_padding__hover=&#8221;|||&#8221;][et_pb_image src=&#8221;https:\/\/vaciadosdepisosbarcelona.com\/wp-content\/uploads\/2022\/10\/neteja-mediante-ozono.jpg&#8221; title_text=&#8221;neteja-mediante-ozono&#8221; align_tablet=&#8221;center&#8221; align_phone=&#8221;center&#8221; align_last_edited=&#8221;on|desktop&#8221; admin_label=&#8221;Imagen&#8221; _builder_version=&#8221;4.17.3&#8243; use_border_color=&#8221;off&#8221; border_color=&#8221;#ffffff&#8221; border_width=&#8221;1px&#8221; border_style=&#8221;solid&#8221; animation=&#8221;off&#8221; sticky=&#8221;off&#8221; always_center_on_mobile=&#8221;on&#8221; global_colors_info=&#8221;{}&#8221;][\/et_pb_image][\/et_pb_column][et_pb_column type=&#8221;1_3&#8243; _builder_version=&#8221;4.16&#8243; custom_padding=&#8221;|||&#8221; global_colors_info=&#8221;{}&#8221; custom_padding__hover=&#8221;|||&#8221;][et_pb_image src=&#8221;https:\/\/vaciadosdepisosbarcelona.com\/wp-content\/uploads\/2022\/10\/purificacio-ozono-barcelona.jpg&#8221; title_text=&#8221;purificacio-ozono-barcelona&#8221; align_tablet=&#8221;center&#8221; align_phone=&#8221;center&#8221; align_last_edited=&#8221;on|desktop&#8221; admin_label=&#8221;Imagen&#8221; _builder_version=&#8221;4.17.3&#8243; use_border_color=&#8221;off&#8221; border_color=&#8221;#ffffff&#8221; border_width=&#8221;1px&#8221; border_style=&#8221;solid&#8221; animation=&#8221;off&#8221; sticky=&#8221;off&#8221; always_center_on_mobile=&#8221;on&#8221; global_colors_info=&#8221;{}&#8221;][\/et_pb_image][\/et_pb_column][\/et_pb_row][et_pb_row padding_mobile=&#8221;off&#8221; column_padding_mobile=&#8221;on&#8221; admin_label=&#8221;row&#8221; _builder_version=&#8221;4.16&#8243; background_size=&#8221;initial&#8221; background_position=&#8221;top_left&#8221; background_repeat=&#8221;repeat&#8221; make_fullwidth=&#8221;off&#8221; use_custom_width=&#8221;off&#8221; width_unit=&#8221;off&#8221; custom_width_px=&#8221;1080px&#8221; custom_width_percent=&#8221;80%&#8221; global_colors_info=&#8221;{}&#8221;][et_pb_column type=&#8221;4_4&#8243; _builder_version=&#8221;4.16&#8243; custom_padding=&#8221;|||&#8221; global_colors_info=&#8221;{}&#8221; custom_padding__hover=&#8221;|||&#8221;][et_pb_cta title=&#8221;Contacta&#8217;ns&#8221; button_url=&#8221;\/ca\/contacte\/&#8221; button_text=&#8221;Sol\u00b7licita pressupost&#8221; admin_label=&#8221;Llamada a la acci\u00f3n&#8221; _builder_version=&#8221;4.17.3&#8243; header_font=&#8221;||||||||&#8221; body_font=&#8221;||||||||&#8221; background_color=&#8221;rgba(0,0,0,0.05)&#8221; background_size=&#8221;initial&#8221; background_position=&#8221;top_left&#8221; background_repeat=&#8221;repeat&#8221; custom_button=&#8221;on&#8221; button_text_color=&#8221;gcid-3615c591-36fb-45b6-ad33-e62ee703cc27&#8243; button_bg_color=&#8221;#FFFFFF&#8221; button_border_color=&#8221;gcid-3615c591-36fb-45b6-ad33-e62ee703cc27&#8243; button_on_hover=&#8221;off&#8221; background_layout=&#8221;light&#8221; hover_enabled=&#8221;0&#8243; button_text_color_last_edited=&#8221;off|desktop&#8221; use_border_color=&#8221;off&#8221; border_color=&#8221;#ffffff&#8221; border_width=&#8221;1px&#8221; border_style=&#8221;solid&#8221; button_letter_spacing_hover=&#8221;0&#8243; global_colors_info=&#8221;{%22gcid-3615c591-36fb-45b6-ad33-e62ee703cc27%22:%91%22button_text_color%22,%22button_border_color%22%93}&#8221; button_text_size__hover_enabled=&#8221;off&#8221; button_one_text_size__hover_enabled=&#8221;off&#8221; button_two_text_size__hover_enabled=&#8221;off&#8221; button_text_color__hover_enabled=&#8221;off|desktop&#8221; button_one_text_color__hover_enabled=&#8221;off&#8221; button_two_text_color__hover_enabled=&#8221;off&#8221; button_border_width__hover_enabled=&#8221;off&#8221; button_one_border_width__hover_enabled=&#8221;off&#8221; button_two_border_width__hover_enabled=&#8221;off&#8221; button_border_color__hover_enabled=&#8221;on|desktop&#8221; button_one_border_color__hover_enabled=&#8221;off&#8221; button_two_border_color__hover_enabled=&#8221;off&#8221; button_border_radius__hover_enabled=&#8221;off&#8221; button_one_border_radius__hover_enabled=&#8221;off&#8221; button_two_border_radius__hover_enabled=&#8221;off&#8221; button_letter_spacing__hover_enabled=&#8221;on&#8221; button_letter_spacing__hover=&#8221;0&#8243; button_one_letter_spacing__hover_enabled=&#8221;off&#8221; button_two_letter_spacing__hover_enabled=&#8221;off&#8221; button_bg_color__hover_enabled=&#8221;on|desktop&#8221; button_one_bg_color__hover_enabled=&#8221;off&#8221; button_two_bg_color__hover_enabled=&#8221;off&#8221; button_bg_color__hover=&#8221;rgba(0,0,0,0.05)&#8221; button_bg_enable_color__hover=&#8221;on&#8221; button_border_color__hover=&#8221;rgba(0,0,0,0)&#8221; button_rel=&#8221;off|off|on|off|off&#8221; sticky_enabled=&#8221;0&#8243;]<\/p>\n<p>Estem a la teva disposici\u00f3 per a qualsevol dubte sobre els nostres serveis, no dubtis a posar-se en contacte amb nosaltres. Demana el teu pressupost personalitzat sense cap comprom\u00eds<\/p>\n<p>&nbsp;<\/p>\n<p>[\/et_pb_cta][\/et_pb_column][\/et_pb_row][\/et_pb_section]<\/p>\n","protected":false},"excerpt":{"rendered":"<p>Neteja amb Oz\u00f3Professionals de neteja amb Oz\u00f3L&#8217;oz\u00f3 \u00e9s un gas que est\u00e0 compost per 3 \u00e0toms d&#8217;oxigen, cosa que li confereix una capacitat d&#8217;oxidaci\u00f3 molt potent. \u00c9s aquesta capacitat d&#8217;oxidaci\u00f3 la que el converteix en un gas capa\u00e7 de desinfectar, descontaminar i esterilitzar l&#8217;aire i les superf\u00edcies que hi entren en contacte, fins i tot [&hellip;]<\/p>\n","protected":false},"author":1,"featured_media":0,"parent":0,"menu_order":0,"comment_status":"closed","ping_status":"closed","template":"","meta":{"_et_pb_use_builder":"on","_et_pb_old_content":"","_et_gb_content_width":"","inline_featured_image":false,"_themeisle_gutenberg_block_has_review":false,"footnotes":""},"class_list":["post-2318","page","type-page","status-publish","hentry"],"yoast_head":"<!-- This site is optimized with the Yoast SEO plugin v27.2 - https:\/\/yoast.com\/product\/yoast-seo-wordpress\/ -->\n<title>Neteja d&#039;ozonitzaci\u00f3 Barcelona<\/title>\n<meta name=\"description\" content=\"Neteja i desinfecci\u00f3 amb oz\u00f3 en espais tancats. Aire Net Garantit. Especialistes a Oz\u00f3. \u00c0rees de treball: vehicles, hotels, industrial, neteja d&#039;oficines, restaurants\/cafeteries\/bars.\" \/>\n<meta name=\"robots\" content=\"index, follow, max-snippet:-1, max-image-preview:large, max-video-preview:-1\" \/>\n<link rel=\"canonical\" href=\"https:\/\/vaciadosdepisosbarcelona.com\/ca\/neteja-amb-ozo\/\" \/>\n<meta name=\"twitter:label1\" content=\"Est. reading time\" \/>\n\t<meta name=\"twitter:data1\" content=\"6 minutes\" \/>\n<script type=\"application\/ld+json\" class=\"yoast-schema-graph\">{\"@context\":\"https:\/\/schema.org\",\"@graph\":[{\"@type\":\"WebPage\",\"@id\":\"https:\/\/vaciadosdepisosbarcelona.com\/ca\/neteja-amb-ozo\/\",\"url\":\"https:\/\/vaciadosdepisosbarcelona.com\/ca\/neteja-amb-ozo\/\",\"name\":\"Neteja d'ozonitzaci\u00f3 Barcelona\",\"isPartOf\":{\"@id\":\"https:\/\/vaciadosdepisosbarcelona.com\/#website\"},\"datePublished\":\"2022-05-19T11:46:48+00:00\",\"dateModified\":\"2022-10-27T09:23:42+00:00\",\"description\":\"Neteja i desinfecci\u00f3 amb oz\u00f3 en espais tancats. Aire Net Garantit. Especialistes a Oz\u00f3. \u00c0rees de treball: vehicles, hotels, industrial, neteja d'oficines, restaurants\/cafeteries\/bars.\",\"breadcrumb\":{\"@id\":\"https:\/\/vaciadosdepisosbarcelona.com\/ca\/neteja-amb-ozo\/#breadcrumb\"},\"inLanguage\":\"ca\",\"potentialAction\":[{\"@type\":\"ReadAction\",\"target\":[\"https:\/\/vaciadosdepisosbarcelona.com\/ca\/neteja-amb-ozo\/\"]}]},{\"@type\":\"BreadcrumbList\",\"@id\":\"https:\/\/vaciadosdepisosbarcelona.com\/ca\/neteja-amb-ozo\/#breadcrumb\",\"itemListElement\":[{\"@type\":\"ListItem\",\"position\":1,\"name\":\"Portada\",\"item\":\"https:\/\/vaciadosdepisosbarcelona.com\/ca\/\"},{\"@type\":\"ListItem\",\"position\":2,\"name\":\"Neteja amb oz\u00f3\"}]},{\"@type\":\"WebSite\",\"@id\":\"https:\/\/vaciadosdepisosbarcelona.com\/#website\",\"url\":\"https:\/\/vaciadosdepisosbarcelona.com\/\",\"name\":\"Vaciado de pisos Barcelona\",\"description\":\"vaciado pisos barcelona\",\"potentialAction\":[{\"@type\":\"SearchAction\",\"target\":{\"@type\":\"EntryPoint\",\"urlTemplate\":\"https:\/\/vaciadosdepisosbarcelona.com\/?s={search_term_string}\"},\"query-input\":{\"@type\":\"PropertyValueSpecification\",\"valueRequired\":true,\"valueName\":\"search_term_string\"}}],\"inLanguage\":\"ca\"}]}<\/script>\n<!-- \/ Yoast SEO plugin. -->","yoast_head_json":{"title":"Neteja d'ozonitzaci\u00f3 Barcelona","description":"Neteja i desinfecci\u00f3 amb oz\u00f3 en espais tancats. Aire Net Garantit. Especialistes a Oz\u00f3. \u00c0rees de treball: vehicles, hotels, industrial, neteja d'oficines, restaurants\/cafeteries\/bars.","robots":{"index":"index","follow":"follow","max-snippet":"max-snippet:-1","max-image-preview":"max-image-preview:large","max-video-preview":"max-video-preview:-1"},"canonical":"https:\/\/vaciadosdepisosbarcelona.com\/ca\/neteja-amb-ozo\/","twitter_misc":{"Est. reading time":"6 minutes"},"schema":{"@context":"https:\/\/schema.org","@graph":[{"@type":"WebPage","@id":"https:\/\/vaciadosdepisosbarcelona.com\/ca\/neteja-amb-ozo\/","url":"https:\/\/vaciadosdepisosbarcelona.com\/ca\/neteja-amb-ozo\/","name":"Neteja d'ozonitzaci\u00f3 Barcelona","isPartOf":{"@id":"https:\/\/vaciadosdepisosbarcelona.com\/#website"},"datePublished":"2022-05-19T11:46:48+00:00","dateModified":"2022-10-27T09:23:42+00:00","description":"Neteja i desinfecci\u00f3 amb oz\u00f3 en espais tancats. Aire Net Garantit. Especialistes a Oz\u00f3. \u00c0rees de treball: vehicles, hotels, industrial, neteja d'oficines, restaurants\/cafeteries\/bars.","breadcrumb":{"@id":"https:\/\/vaciadosdepisosbarcelona.com\/ca\/neteja-amb-ozo\/#breadcrumb"},"inLanguage":"ca","potentialAction":[{"@type":"ReadAction","target":["https:\/\/vaciadosdepisosbarcelona.com\/ca\/neteja-amb-ozo\/"]}]},{"@type":"BreadcrumbList","@id":"https:\/\/vaciadosdepisosbarcelona.com\/ca\/neteja-amb-ozo\/#breadcrumb","itemListElement":[{"@type":"ListItem","position":1,"name":"Portada","item":"https:\/\/vaciadosdepisosbarcelona.com\/ca\/"},{"@type":"ListItem","position":2,"name":"Neteja amb oz\u00f3"}]},{"@type":"WebSite","@id":"https:\/\/vaciadosdepisosbarcelona.com\/#website","url":"https:\/\/vaciadosdepisosbarcelona.com\/","name":"Vaciado de pisos Barcelona","description":"vaciado pisos barcelona","potentialAction":[{"@type":"SearchAction","target":{"@type":"EntryPoint","urlTemplate":"https:\/\/vaciadosdepisosbarcelona.com\/?s={search_term_string}"},"query-input":{"@type":"PropertyValueSpecification","valueRequired":true,"valueName":"search_term_string"}}],"inLanguage":"ca"}]}},"_links":{"self":[{"href":"https:\/\/vaciadosdepisosbarcelona.com\/ca\/wp-json\/wp\/v2\/pages\/2318","targetHints":{"allow":["GET"]}}],"collection":[{"href":"https:\/\/vaciadosdepisosbarcelona.com\/ca\/wp-json\/wp\/v2\/pages"}],"about":[{"href":"https:\/\/vaciadosdepisosbarcelona.com\/ca\/wp-json\/wp\/v2\/types\/page"}],"author":[{"embeddable":true,"href":"https:\/\/vaciadosdepisosbarcelona.com\/ca\/wp-json\/wp\/v2\/users\/1"}],"replies":[{"embeddable":true,"href":"https:\/\/vaciadosdepisosbarcelona.com\/ca\/wp-json\/wp\/v2\/comments?post=2318"}],"version-history":[{"count":11,"href":"https:\/\/vaciadosdepisosbarcelona.com\/ca\/wp-json\/wp\/v2\/pages\/2318\/revisions"}],"predecessor-version":[{"id":2700,"href":"https:\/\/vaciadosdepisosbarcelona.com\/ca\/wp-json\/wp\/v2\/pages\/2318\/revisions\/2700"}],"wp:attachment":[{"href":"https:\/\/vaciadosdepisosbarcelona.com\/ca\/wp-json\/wp\/v2\/media?parent=2318"}],"curies":[{"name":"wp","href":"https:\/\/api.w.org\/{rel}","templated":true}]}}