{"id":1860,"date":"2017-12-22T11:59:13","date_gmt":"2017-12-22T11:59:13","guid":{"rendered":"https:\/\/www.vaciadopisosbarcelona.net\/ca\/politica-privacidad-cookies\/"},"modified":"2022-10-21T11:34:14","modified_gmt":"2022-10-21T11:34:14","slug":"politica-privacitat","status":"publish","type":"page","link":"https:\/\/vaciadosdepisosbarcelona.com\/ca\/politica-privacitat\/","title":{"rendered":"Pol\u00edtica de privacitat"},"content":{"rendered":"<p>[et_pb_section fb_built=&#8221;1&#8243; admin_label=&#8221;section&#8221; _builder_version=&#8221;4.16&#8243; global_colors_info=&#8221;{}&#8221;][et_pb_row admin_label=&#8221;row&#8221; _builder_version=&#8221;4.16&#8243; background_size=&#8221;initial&#8221; background_position=&#8221;top_left&#8221; background_repeat=&#8221;repeat&#8221; global_colors_info=&#8221;{}&#8221;][et_pb_column type=&#8221;4_4&#8243; _builder_version=&#8221;4.16&#8243; custom_padding=&#8221;|||&#8221; global_colors_info=&#8221;{}&#8221; custom_padding__hover=&#8221;|||&#8221;][et_pb_text admin_label=&#8221;Text&#8221; _builder_version=&#8221;4.17.3&#8243; background_size=&#8221;initial&#8221; background_position=&#8221;top_left&#8221; background_repeat=&#8221;repeat&#8221; hover_enabled=&#8221;0&#8243; global_colors_info=&#8221;{}&#8221; sticky_enabled=&#8221;0&#8243;]<\/p>\n<h2>Pol\u00edtica de privacitat<\/h2>\n<p>A l&#8217;efecte del previst en la Llei Org\u00e0nica 15\/1999, de 12 de desembre de Protecci\u00f3 de Dades de Car\u00e0cter Personal (d&#8217;ara endavant &#8220;LOPD&#8221;), i altra legislaci\u00f3 aplicable, vaciadosdepisosbarcelona.com notifica als seus clients del servei i a qualsevol tercer que lliuri les seves dades de car\u00e0cter personal sobre la seva Pol\u00edtica de Protecci\u00f3 de Dades de Car\u00e0cter Personal.<\/p>\n<p>La Pol\u00edtica de Protecci\u00f3 de Dades que aqu\u00ed es presenta ser\u00e0 aplicable a la recollida de dades per la part del titular de la web per qualsevol procediment com a correspond\u00e8ncia escrita o ben electr\u00f2nica, recepci\u00f3 de targetes de negoci, comunicaci\u00f3 de dades per tel\u00e8fon, lloc o b\u00e9 emplenament de formularis. Es compr\u00e8n que qualsevol usuari i\/o tercer que lliuri les seves dades personals al titular ho fa volunt\u00e0ria i de manera lliure i amb el seu expr\u00e9s consentiment i tamb\u00e9 indubtable.<\/p>\n<p>Les dades recaptades mitjan\u00e7ant els formularis de recollida de dades del Portal seran incorporats a un arxiu automatitzat de dades de car\u00e0cter personal del qual \u00e9s responsable Buidatge Pisos Barcelona qui tractar\u00e0 les dades aplicant les mesures de seguretat inform\u00e0tica establertes en la legislaci\u00f3 aplicable, de forma reservada, i solament amb el prop\u00f2sit d&#8217;administrar la relaci\u00f3 amb els seus clients del servei i promocionar les activitats que desenvolupa.<\/p>\n<p>Els interessats podran exercitar els drets d&#8217;acc\u00e9s, rectificaci\u00f3, cancel\u00b7laci\u00f3 i oposici\u00f3, dirigint l&#8217;oportuna petici\u00f3 a trav\u00e9s de comunicaci\u00f3 escrita a l&#8217;adre\u00e7a d&#8217;e-mail d&#8217;aquest despatx professional (info@vaciadosdepisosbarcelona.com), identificant-se adequadament i tamb\u00e9 assenyalant l&#8217;objecte exactament la mateixa.<\/p>\n<h2>Pol\u00edtica de Cookies<\/h2>\n<p><strong>Qu\u00e8 \u00e9s una cookie?<\/strong><br \/>Una cookie \u00e9s un arxiu que es descarrega en el seu PC en accedir a certes webs. Les cookies deixen a una web, entre moltes altres coses, guardar i recobrar informaci\u00f3 sobre els h\u00e0bits de navegaci\u00f3 d&#8217;un usuari o b\u00e9 del seu equip i, en depend\u00e8ncia de la informaci\u00f3 que continguin i de la manera en qu\u00e8 utilitzi el seu equip, poden emprar-se per recon\u00e8ixer a l&#8217;usuari.<\/p>\n<p><strong>Quines classes de cookies utilitza aquest lloc web?<\/strong><\/p>\n<p>1. En funci\u00f3 de l&#8217;entitat que les gestiona:<\/p>\n<ul>\n<li>Cookies pr\u00f2pies: s\u00f3n les que es manen a l&#8217;equip terminal de l&#8217;usuari des d&#8217;un equip o b\u00e9 domini gestionat pel titular i des del qual es presta el servei demanat per l&#8217;usuari.<\/li>\n<li>Cookies de tercer: s\u00f3n les que es manen a l&#8217;equip terminal de l&#8217;usuari des d&#8217;un equip o b\u00e9 domini que no \u00e9s gestionat pel titular, sin\u00f3 m\u00e9s aviat per una altra entitat que tracta les dades assolides trav\u00e9s de les cookies.<\/li>\n<\/ul>\n<p>2. En funci\u00f3 del temps que estan actives:<\/p>\n<ul>\n<li>Cookies de sessi\u00f3: S\u00f3n un g\u00e8nere de cookies dissenyades per recaptar i guardar dades mentre que l&#8217;usuari accedeix a la nostra web.<\/li>\n<li>Cookies persistents: S\u00f3n un g\u00e8nere de cookies en les quals les dades prossegueixen guardats en el terminal i poden ser accedits i tractats al llarg d&#8217;un per\u00edode definit per l&#8217;encarregat de la cookie, i que pot anar d&#8217;uns minuts a m\u00faltiples anys.<\/li>\n<\/ul>\n<p>3. Conforme la finalitat per la qual es tractin:<\/p>\n<ul>\n<li>Cookies d&#8217;an\u00e0lisi: Aquelles que, ben tractades per nosaltres, b\u00e9 per tercers, deixen quantificar el nombre d&#8217;usuaris i d&#8217;aquesta manera efectuar el mesurament i an\u00e0lisi estad\u00edstica de la utilitzaci\u00f3 que fan els usuaris del servei ofert. Per a aix\u00f2 s&#8217;examina la seva navegaci\u00f3 a la nostra p\u00e0gina o b\u00e9 aplicaci\u00f3 amb la intenci\u00f3 de progressar l&#8217;oferta de productes o b\u00e9 serveis que li oferim.<\/li>\n<li>Cookies t\u00e8cniques: Aquelles que, ben tractades per nosaltres, b\u00e9 per tercers, deixen a l&#8217;usuari la navegaci\u00f3 a trav\u00e9s la nostra p\u00e0gina i la utilitzaci\u00f3 de les diferents opcions o b\u00e9 serveis exactament les mateixes, com a complements (plug-in) per intercanviar continguts socials, autenticaci\u00f3 o b\u00e9 identificaci\u00f3 d&#8217;usuari o b\u00e9 sessions de reproductor multim\u00e8dia.<\/li>\n<li>Cookies de personalitzaci\u00f3: Aquelles que, ben tractades per nosaltres, b\u00e9 per tercers, deixen a l&#8217;usuari accedir al servei amb certes peculiaritats de car\u00e0cter general predefinides en funci\u00f3 d&#8217;una s\u00e8rie de criteris en el terminal de l&#8217;usuari, com l&#8217;idioma preestablert que es mostra la web.<\/li>\n<\/ul>\n<p><strong>Desactivaci\u00f3 o eliminaci\u00f3 de cookies<\/strong><\/p>\n<p>Vost\u00e8 pot permetre, bloquejar o b\u00e9 eliminar les cookies instal\u00b7lades en el seu equip mitjan\u00e7ant la configuraci\u00f3 de les opcions del navegador. Per a m\u00e9s informaci\u00f3 sobre com bloquejar l&#8217;ocupaci\u00f3 de la cookies pots visitar els propers enlla\u00e7os:<\/p>\n<ul>\n<li>Internet Explorer: Eines -&gt; Opcions d&#8217;Internet -&gt; Privacitat -&gt; Configuraci\u00f3.<\/li>\n<li>Firefox: Eines -&gt; Opcions -&gt; Privacitat -&gt; Historial -&gt; Configuraci\u00f3 Personalitzada.<\/li>\n<li>Chrome: Configuraci\u00f3 -&gt; Mostrar opcions avan\u00e7ades -&gt; Privacitat -&gt; Configuraci\u00f3 de contingut.<\/li>\n<li>Safari: Preferencies -&gt; Seguritat.<\/li>\n<\/ul>\n<p><strong>Utilizaci\u00f3 de les cookies<\/strong><br \/>Aquest lloc utilitza cookies de tercers per examinar informaci\u00f3 de la navegaci\u00f3, permetre compartir continguts en xarxes socials i la reproducci\u00f3 de v\u00eddeos allotjats en un altre lloc web. Als propers enlla\u00e7os pot preguntar la pol\u00edtica de cookies de cadascuna d&#8217;aquestes entitats:<\/p>\n<p>Google Analytics<\/p>\n<ul>\n<li><a href=\"https:\/\/support.google.com\/analytics\/answer\/6004245\">https:\/\/support.google.com\/analytics\/answer\/6004245<\/a><\/li>\n<li><a href=\"https:\/\/developers.google.com\/analytics\/devguides\/collection\/analyticsjs\/cookie-usage\">https:\/\/developers.google.com\/analytics\/devguides\/collection\/analyticsjs\/cookie-usage<\/a><\/li>\n<li><a href=\"https:\/\/www.google.com\/intl\/enUS\/policies\/technologies\/cookies\/\">https:\/\/www.google.com\/intl\/enUS\/policies\/technologies\/cookies\/<\/a><\/li>\n<\/ul>\n<p><strong>Consentiment<\/strong><br \/>En navegar pel nostre lloc o b\u00e9 en accedir a la nostra aplicaci\u00f3, Vost\u00e8 admet la instal\u00b7laci\u00f3 i utilitzaci\u00f3 de les cookies.ud. pot retirar el seu perm\u00eds anteriorment concedit en qualsevol instant suprimint les cookies instal\u00b7lades en el seu equip a trav\u00e9s de la configuraci\u00f3 de les opcions del navegador, tal com s&#8217;assenyala en l&#8217;apartat &#8220;desactivaci\u00f3 o b\u00e9 supressi\u00f3 de cookies&#8221;. No obstant aix\u00f2, li notifiquem que aix\u00f2 pot impactar en les funcionalitats de la p\u00e0gina web o b\u00e9 aplicaci\u00f3, fent la seva experi\u00e8ncia com a usuari menys satisfact\u00f2ria.<\/p>\n<p>[\/et_pb_text][\/et_pb_column][\/et_pb_row][\/et_pb_section]<\/p>\n","protected":false},"excerpt":{"rendered":"<p>Pol\u00edtica de privacitat A l&#8217;efecte del previst en la Llei Org\u00e0nica 15\/1999, de 12 de desembre de Protecci\u00f3 de Dades de Car\u00e0cter Personal (d&#8217;ara endavant &#8220;LOPD&#8221;), i altra legislaci\u00f3 aplicable, vaciadosdepisosbarcelona.com notifica als seus clients del servei i a qualsevol tercer que lliuri les seves dades de car\u00e0cter personal sobre la seva Pol\u00edtica de Protecci\u00f3 [&hellip;]<\/p>\n","protected":false},"author":1,"featured_media":0,"parent":0,"menu_order":0,"comment_status":"closed","ping_status":"closed","template":"","meta":{"_et_pb_use_builder":"on","_et_pb_old_content":"","_et_gb_content_width":"","inline_featured_image":false,"_themeisle_gutenberg_block_has_review":false,"footnotes":""},"class_list":["post-1860","page","type-page","status-publish","hentry"],"yoast_head":"<!-- This site is optimized with the Yoast SEO plugin v27.2 - https:\/\/yoast.com\/product\/yoast-seo-wordpress\/ -->\n<title>Pol\u00edtica de privacitat i Cookies - Buidatge Pisos Barcelona<\/title>\n<meta name=\"description\" content=\"Llegeix atentament la nostra pol\u00edtica de privacitat i cookies aqu\u00ed.\" \/>\n<meta name=\"robots\" content=\"index, follow, max-snippet:-1, max-image-preview:large, max-video-preview:-1\" \/>\n<link rel=\"canonical\" href=\"https:\/\/vaciadosdepisosbarcelona.com\/ca\/politica-privacitat\/\" \/>\n<meta name=\"twitter:label1\" content=\"Est. reading time\" \/>\n\t<meta name=\"twitter:data1\" content=\"5 minutes\" \/>\n<script type=\"application\/ld+json\" class=\"yoast-schema-graph\">{\"@context\":\"https:\/\/schema.org\",\"@graph\":[{\"@type\":\"WebPage\",\"@id\":\"https:\/\/vaciadosdepisosbarcelona.com\/ca\/politica-privacitat\/\",\"url\":\"https:\/\/vaciadosdepisosbarcelona.com\/ca\/politica-privacitat\/\",\"name\":\"Pol\u00edtica de privacitat i Cookies - Buidatge Pisos Barcelona\",\"isPartOf\":{\"@id\":\"https:\/\/vaciadosdepisosbarcelona.com\/#website\"},\"datePublished\":\"2017-12-22T11:59:13+00:00\",\"dateModified\":\"2022-10-21T11:34:14+00:00\",\"description\":\"Llegeix atentament la nostra pol\u00edtica de privacitat i cookies aqu\u00ed.\",\"breadcrumb\":{\"@id\":\"https:\/\/vaciadosdepisosbarcelona.com\/ca\/politica-privacitat\/#breadcrumb\"},\"inLanguage\":\"ca\",\"potentialAction\":[{\"@type\":\"ReadAction\",\"target\":[\"https:\/\/vaciadosdepisosbarcelona.com\/ca\/politica-privacitat\/\"]}]},{\"@type\":\"BreadcrumbList\",\"@id\":\"https:\/\/vaciadosdepisosbarcelona.com\/ca\/politica-privacitat\/#breadcrumb\",\"itemListElement\":[{\"@type\":\"ListItem\",\"position\":1,\"name\":\"Portada\",\"item\":\"https:\/\/vaciadosdepisosbarcelona.com\/ca\/\"},{\"@type\":\"ListItem\",\"position\":2,\"name\":\"Pol\u00edtica de privacitat\"}]},{\"@type\":\"WebSite\",\"@id\":\"https:\/\/vaciadosdepisosbarcelona.com\/#website\",\"url\":\"https:\/\/vaciadosdepisosbarcelona.com\/\",\"name\":\"Vaciado de pisos Barcelona\",\"description\":\"vaciado pisos barcelona\",\"potentialAction\":[{\"@type\":\"SearchAction\",\"target\":{\"@type\":\"EntryPoint\",\"urlTemplate\":\"https:\/\/vaciadosdepisosbarcelona.com\/?s={search_term_string}\"},\"query-input\":{\"@type\":\"PropertyValueSpecification\",\"valueRequired\":true,\"valueName\":\"search_term_string\"}}],\"inLanguage\":\"ca\"}]}<\/script>\n<!-- \/ Yoast SEO plugin. -->","yoast_head_json":{"title":"Pol\u00edtica de privacitat i Cookies - Buidatge Pisos Barcelona","description":"Llegeix atentament la nostra pol\u00edtica de privacitat i cookies aqu\u00ed.","robots":{"index":"index","follow":"follow","max-snippet":"max-snippet:-1","max-image-preview":"max-image-preview:large","max-video-preview":"max-video-preview:-1"},"canonical":"https:\/\/vaciadosdepisosbarcelona.com\/ca\/politica-privacitat\/","twitter_misc":{"Est. reading time":"5 minutes"},"schema":{"@context":"https:\/\/schema.org","@graph":[{"@type":"WebPage","@id":"https:\/\/vaciadosdepisosbarcelona.com\/ca\/politica-privacitat\/","url":"https:\/\/vaciadosdepisosbarcelona.com\/ca\/politica-privacitat\/","name":"Pol\u00edtica de privacitat i Cookies - Buidatge Pisos Barcelona","isPartOf":{"@id":"https:\/\/vaciadosdepisosbarcelona.com\/#website"},"datePublished":"2017-12-22T11:59:13+00:00","dateModified":"2022-10-21T11:34:14+00:00","description":"Llegeix atentament la nostra pol\u00edtica de privacitat i cookies aqu\u00ed.","breadcrumb":{"@id":"https:\/\/vaciadosdepisosbarcelona.com\/ca\/politica-privacitat\/#breadcrumb"},"inLanguage":"ca","potentialAction":[{"@type":"ReadAction","target":["https:\/\/vaciadosdepisosbarcelona.com\/ca\/politica-privacitat\/"]}]},{"@type":"BreadcrumbList","@id":"https:\/\/vaciadosdepisosbarcelona.com\/ca\/politica-privacitat\/#breadcrumb","itemListElement":[{"@type":"ListItem","position":1,"name":"Portada","item":"https:\/\/vaciadosdepisosbarcelona.com\/ca\/"},{"@type":"ListItem","position":2,"name":"Pol\u00edtica de privacitat"}]},{"@type":"WebSite","@id":"https:\/\/vaciadosdepisosbarcelona.com\/#website","url":"https:\/\/vaciadosdepisosbarcelona.com\/","name":"Vaciado de pisos Barcelona","description":"vaciado pisos barcelona","potentialAction":[{"@type":"SearchAction","target":{"@type":"EntryPoint","urlTemplate":"https:\/\/vaciadosdepisosbarcelona.com\/?s={search_term_string}"},"query-input":{"@type":"PropertyValueSpecification","valueRequired":true,"valueName":"search_term_string"}}],"inLanguage":"ca"}]}},"_links":{"self":[{"href":"https:\/\/vaciadosdepisosbarcelona.com\/ca\/wp-json\/wp\/v2\/pages\/1860","targetHints":{"allow":["GET"]}}],"collection":[{"href":"https:\/\/vaciadosdepisosbarcelona.com\/ca\/wp-json\/wp\/v2\/pages"}],"about":[{"href":"https:\/\/vaciadosdepisosbarcelona.com\/ca\/wp-json\/wp\/v2\/types\/page"}],"author":[{"embeddable":true,"href":"https:\/\/vaciadosdepisosbarcelona.com\/ca\/wp-json\/wp\/v2\/users\/1"}],"replies":[{"embeddable":true,"href":"https:\/\/vaciadosdepisosbarcelona.com\/ca\/wp-json\/wp\/v2\/comments?post=1860"}],"version-history":[{"count":2,"href":"https:\/\/vaciadosdepisosbarcelona.com\/ca\/wp-json\/wp\/v2\/pages\/1860\/revisions"}],"predecessor-version":[{"id":2670,"href":"https:\/\/vaciadosdepisosbarcelona.com\/ca\/wp-json\/wp\/v2\/pages\/1860\/revisions\/2670"}],"wp:attachment":[{"href":"https:\/\/vaciadosdepisosbarcelona.com\/ca\/wp-json\/wp\/v2\/media?parent=1860"}],"curies":[{"name":"wp","href":"https:\/\/api.w.org\/{rel}","templated":true}]}}