{"id":1854,"date":"2017-04-12T10:15:38","date_gmt":"2017-04-12T10:15:38","guid":{"rendered":"https:\/\/www.vaciadopisosbarcelona.net\/ca\/limpiezas-especiales\/"},"modified":"2022-10-27T09:21:12","modified_gmt":"2022-10-27T09:21:12","slug":"neteges-especials","status":"publish","type":"page","link":"https:\/\/vaciadosdepisosbarcelona.com\/ca\/neteges-especials\/","title":{"rendered":"Neteja en casos especials"},"content":{"rendered":"<p>[et_pb_section fb_built=&#8221;1&#8243; custom_padding_last_edited=&#8221;on|desktop&#8221; admin_label=&#8221;section&#8221; _builder_version=&#8221;4.16&#8243; custom_padding_tablet=&#8221;50px|0|50px|0&#8243; custom_padding_phone=&#8221;50px|0|50px|0&#8243; transparent_background=&#8221;off&#8221; padding_mobile=&#8221;off&#8221; make_fullwidth=&#8221;off&#8221; use_custom_width=&#8221;off&#8221; width_unit=&#8221;off&#8221; custom_width_px=&#8221;1080px&#8221; custom_width_percent=&#8221;80%&#8221; global_colors_info=&#8221;{}&#8221;][et_pb_row padding_mobile=&#8221;off&#8221; column_padding_mobile=&#8221;on&#8221; admin_label=&#8221;row&#8221; _builder_version=&#8221;4.16&#8243; background_size=&#8221;initial&#8221; background_position=&#8221;top_left&#8221; background_repeat=&#8221;repeat&#8221; custom_padding=&#8221;27px|0px|4px|0px&#8221; make_fullwidth=&#8221;off&#8221; use_custom_width=&#8221;off&#8221; width_unit=&#8221;off&#8221; custom_width_px=&#8221;1080px&#8221; custom_width_percent=&#8221;80%&#8221; global_colors_info=&#8221;{}&#8221;][et_pb_column type=&#8221;4_4&#8243; _builder_version=&#8221;4.16&#8243; custom_padding=&#8221;|||&#8221; global_colors_info=&#8221;{}&#8221; custom_padding__hover=&#8221;|||&#8221;][et_pb_text admin_label=&#8221;Texto&#8221; _builder_version=&#8221;4.17.3&#8243; header_font=&#8221;|on|||&#8221; background_size=&#8221;initial&#8221; background_position=&#8221;top_left&#8221; background_repeat=&#8221;repeat&#8221; text_orientation=&#8221;center&#8221; module_alignment=&#8221;center&#8221; use_border_color=&#8221;off&#8221; border_color=&#8221;#ffffff&#8221; border_style=&#8221;solid&#8221; global_colors_info=&#8221;{}&#8221;]<\/p>\n<h1>Neteja de casos especials i traum\u00e0tics<\/h1>\n<p>[\/et_pb_text][et_pb_text _builder_version=&#8221;4.17.3&#8243; _module_preset=&#8221;default&#8221; text_font=&#8221;|600|||||||&#8221; text_font_size=&#8221;18px&#8221; locked=&#8221;off&#8221; global_colors_info=&#8221;{}&#8221;]<\/p>\n<p style=\"text-align: center;\">Professionals de neteges especials<\/p>\n<p>[\/et_pb_text][et_pb_button button_url=&#8221;\/ca\/contacte\/&#8221; button_text=&#8221;Sol\u00b7licita pressupost&#8221; button_alignment=&#8221;center&#8221; _builder_version=&#8221;4.17.3&#8243; _module_preset=&#8221;default&#8221; locked=&#8221;off&#8221; global_colors_info=&#8221;{}&#8221;][\/et_pb_button][et_pb_text admin_label=&#8221;Texto&#8221; _builder_version=&#8221;4.17.3&#8243; background_size=&#8221;initial&#8221; background_position=&#8221;top_left&#8221; background_repeat=&#8221;repeat&#8221; use_border_color=&#8221;off&#8221; border_color=&#8221;#ffffff&#8221; border_style=&#8221;solid&#8221; global_colors_info=&#8221;{}&#8221;]<\/p>\n<p><span>Hi ha situacions traum\u00e0tiques en qu\u00e8 \u00e9s complicat bregar amb el que ha passat i s&#8217;accentua quan aix\u00f2 passa a la teva pr\u00f2pia llar. \u00c9s possible que el primer que es vol fer \u00e9s netejar el desordre el m\u00e9s r\u00e0pid possible.<\/span><\/p>\n<p><span>\u00a0<\/span><span>Tant en casos de s\u00edndrome de di\u00f2gens, incendis o mort pot suposar estar exposat a perills per a la salut a causa de <strong>possibles virus, olors i brut\u00edcia<\/strong>.<\/span><\/p>\n<p><span>\u00a0<\/span><span>Els t\u00e8cnics professionals de neteja de traumatismes estan espec\u00edficament capacitats i certificats per respondre davant de qualsevol tipus d&#8217;escenari, seguint les normes governamentals per a l&#8217;eliminaci\u00f3 de deixalles perilloses i garantint el compliment d&#8217;alts est\u00e0ndards de seguretat, aix\u00ed com la preservaci\u00f3 total de la intimitat.<\/span><\/p>\n<p><span>\u00a0<\/span><span>La neteja requereix equips especials i productes espec\u00edfics, tant per a la protecci\u00f3 com per a la desinfecci\u00f3 a fons. Utilitzant proves de desinfecci\u00f3 de grau hospitalari, els t\u00e8cnics de neteja tenen les eines, la capacitaci\u00f3 i experi\u00e8ncia per assegurar-se que no hi hagi amenaces persistents per a la salut.<\/span><\/p>\n<p><span>\u00a0<\/span><span>Utilitzem m\u00e8todes professionals com l&#8217;ozonitzaci\u00f3, la nebulitzaci\u00f3 i la polvoritzaci\u00f3 per eliminar de forma completa qualsevol rastre de g\u00e8rmens i altres residus.<\/span><\/p>\n<p>[\/et_pb_text][\/et_pb_column][\/et_pb_row][et_pb_row column_structure=&#8221;1_3,1_3,1_3&#8243; padding_mobile=&#8221;off&#8221; column_padding_mobile=&#8221;on&#8221; admin_label=&#8221;row&#8221; _builder_version=&#8221;4.16&#8243; background_size=&#8221;initial&#8221; background_position=&#8221;top_left&#8221; background_repeat=&#8221;repeat&#8221; custom_padding=&#8221;27px|0px|53px|0px&#8221; make_fullwidth=&#8221;off&#8221; use_custom_width=&#8221;off&#8221; width_unit=&#8221;off&#8221; custom_width_px=&#8221;1080px&#8221; custom_width_percent=&#8221;80%&#8221; global_colors_info=&#8221;{}&#8221;][et_pb_column type=&#8221;1_3&#8243; _builder_version=&#8221;4.16&#8243; custom_padding=&#8221;|||&#8221; global_colors_info=&#8221;{}&#8221; custom_padding__hover=&#8221;|||&#8221;][et_pb_image src=&#8221;https:\/\/vaciadosdepisosbarcelona.com\/wp-content\/uploads\/2022\/10\/desinfeccio-especial.jpg&#8221; title_text=&#8221;desinfeccio-especial&#8221; align_tablet=&#8221;center&#8221; align_phone=&#8221;center&#8221; align_last_edited=&#8221;on|desktop&#8221; admin_label=&#8221;Imagen&#8221; _builder_version=&#8221;4.17.3&#8243; use_border_color=&#8221;off&#8221; border_color=&#8221;#ffffff&#8221; border_width=&#8221;1px&#8221; border_style=&#8221;solid&#8221; animation=&#8221;off&#8221; sticky=&#8221;off&#8221; always_center_on_mobile=&#8221;on&#8221; global_colors_info=&#8221;{}&#8221;][\/et_pb_image][\/et_pb_column][et_pb_column type=&#8221;1_3&#8243; _builder_version=&#8221;4.16&#8243; custom_padding=&#8221;|||&#8221; global_colors_info=&#8221;{}&#8221; custom_padding__hover=&#8221;|||&#8221;][et_pb_image src=&#8221;https:\/\/vaciadosdepisosbarcelona.com\/wp-content\/uploads\/2022\/10\/treballadors-neteges-especials.jpg&#8221; title_text=&#8221;treballadors-neteges-especials&#8221; align_tablet=&#8221;center&#8221; align_phone=&#8221;center&#8221; align_last_edited=&#8221;on|desktop&#8221; admin_label=&#8221;Imagen&#8221; _builder_version=&#8221;4.17.3&#8243; use_border_color=&#8221;off&#8221; border_color=&#8221;#ffffff&#8221; border_width=&#8221;1px&#8221; border_style=&#8221;solid&#8221; animation=&#8221;off&#8221; sticky=&#8221;off&#8221; always_center_on_mobile=&#8221;on&#8221; global_colors_info=&#8221;{}&#8221;][\/et_pb_image][\/et_pb_column][et_pb_column type=&#8221;1_3&#8243; _builder_version=&#8221;4.16&#8243; custom_padding=&#8221;|||&#8221; global_colors_info=&#8221;{}&#8221; custom_padding__hover=&#8221;|||&#8221;][et_pb_image src=&#8221;https:\/\/vaciadosdepisosbarcelona.com\/wp-content\/uploads\/2022\/10\/neteja-especial-barcelona.jpg&#8221; title_text=&#8221;neteja-especial-barcelona&#8221; align_tablet=&#8221;center&#8221; align_phone=&#8221;center&#8221; align_last_edited=&#8221;on|desktop&#8221; admin_label=&#8221;Imagen&#8221; _builder_version=&#8221;4.17.3&#8243; use_border_color=&#8221;off&#8221; border_color=&#8221;#ffffff&#8221; border_width=&#8221;1px&#8221; border_style=&#8221;solid&#8221; animation=&#8221;off&#8221; sticky=&#8221;off&#8221; always_center_on_mobile=&#8221;on&#8221; global_colors_info=&#8221;{}&#8221;][\/et_pb_image][\/et_pb_column][\/et_pb_row][et_pb_row padding_mobile=&#8221;off&#8221; column_padding_mobile=&#8221;on&#8221; admin_label=&#8221;row&#8221; _builder_version=&#8221;4.16&#8243; background_size=&#8221;initial&#8221; background_position=&#8221;top_left&#8221; background_repeat=&#8221;repeat&#8221; custom_padding=&#8221;0px|0px|69px|0px&#8221; make_fullwidth=&#8221;off&#8221; use_custom_width=&#8221;off&#8221; width_unit=&#8221;off&#8221; custom_width_px=&#8221;1080px&#8221; custom_width_percent=&#8221;80%&#8221; global_colors_info=&#8221;{}&#8221;][et_pb_column type=&#8221;4_4&#8243; _builder_version=&#8221;4.16&#8243; custom_padding=&#8221;|||&#8221; global_colors_info=&#8221;{}&#8221; custom_padding__hover=&#8221;|||&#8221;][et_pb_text admin_label=&#8221;Texto&#8221; _builder_version=&#8221;4.17.3&#8243; background_size=&#8221;initial&#8221; background_position=&#8221;top_left&#8221; background_repeat=&#8221;repeat&#8221; text_orientation=&#8221;center&#8221; module_alignment=&#8221;center&#8221; custom_margin=&#8221;40px|||&#8221; use_border_color=&#8221;off&#8221; border_color=&#8221;#ffffff&#8221; border_style=&#8221;solid&#8221; global_colors_info=&#8221;{}&#8221;]<\/p>\n<h2>En quins casos es pot contractar el nostre servei?<\/h2>\n<p>[\/et_pb_text][et_pb_divider color=&#8221;#d1d1d1&#8243; divider_weight=&#8221;1px&#8221; disabled_on=&#8221;on|on|off&#8221; admin_label=&#8221;Separador&#8221; _builder_version=&#8221;4.16&#8243; hide_on_mobile=&#8221;on&#8221; global_colors_info=&#8221;{}&#8221;][\/et_pb_divider][\/et_pb_column][\/et_pb_row][et_pb_row padding_mobile=&#8221;off&#8221; column_padding_mobile=&#8221;on&#8221; admin_label=&#8221;row&#8221; _builder_version=&#8221;4.16&#8243; background_size=&#8221;initial&#8221; background_position=&#8221;top_left&#8221; background_repeat=&#8221;repeat&#8221; custom_padding=&#8221;0px|0px|36px|0px&#8221; make_fullwidth=&#8221;off&#8221; use_custom_width=&#8221;off&#8221; width_unit=&#8221;off&#8221; custom_width_px=&#8221;1080px&#8221; custom_width_percent=&#8221;80%&#8221; global_colors_info=&#8221;{}&#8221;][et_pb_column type=&#8221;4_4&#8243; _builder_version=&#8221;4.16&#8243; custom_padding=&#8221;|||&#8221; global_colors_info=&#8221;{}&#8221; custom_padding__hover=&#8221;|||&#8221;][et_pb_text admin_label=&#8221;Texto&#8221; _builder_version=&#8221;4.17.3&#8243; background_size=&#8221;initial&#8221; background_position=&#8221;top_left&#8221; background_repeat=&#8221;repeat&#8221; use_border_color=&#8221;off&#8221; border_color=&#8221;#ffffff&#8221; border_style=&#8221;solid&#8221; global_colors_info=&#8221;{}&#8221;]<\/p>\n<h3>Neteja d&#8217;acumulaci\u00f3 d&#8217;escombraries, S\u00edndrome de Di\u00f2gens<\/h3>\n<p>Cada persona reacciona de manera diferent a l&#8217;estr\u00e8s. Els que pateixen de S\u00edndrome de Di\u00f2genes ho retenen cap a dins fins que comen\u00e7a a manifestar-se a trav\u00e9s del tipus m\u00e9s sever d&#8217;acumulaci\u00f3 d&#8217;escombraries.<\/p>\n<p>Som conscients de la delicada situaci\u00f3 que presenten aquests casos, per aix\u00f2 oferim un servei \u00e0gil, caracteritzat per la immediatesa, l&#8217;efic\u00e0cia i la professionalitat.<\/p>\n<p>La neteja de la S\u00edndrome de Di\u00f2gens comen\u00e7a amb la classificaci\u00f3 dels estris, separant de les escombraries acumulades tots aquells objectes que puguin estar en perfecta conservaci\u00f3 i tinguin alguna utilitat.<\/p>\n<p>Finalment, el servei de neteja i recollida de la S\u00edndrome de Di\u00f2genes es completa amb una neteja profunda de totes les superf\u00edcies de l&#8217;immoble, desinfectant i eliminant les olors acumulades, i fins i tot pot incloure pintura i reformes parcials. Ser\u00e0 el client qui indiqui les necessitats que t\u00e9 i l\u2019abast del servei contractat.<\/p>\n<p>La neteja profunda es pot completar en un sol dia de 24 hores.<\/p>\n<p>[\/et_pb_text][et_pb_text admin_label=&#8221;Texto&#8221; _builder_version=&#8221;4.17.3&#8243; background_size=&#8221;initial&#8221; background_position=&#8221;top_left&#8221; background_repeat=&#8221;repeat&#8221; use_border_color=&#8221;off&#8221; border_color=&#8221;#ffffff&#8221; border_style=&#8221;solid&#8221; global_colors_info=&#8221;{}&#8221;]<\/p>\n<h3>Neteja davant de casos d&#8217;incendis, foc i sutge<\/h3>\n<p>Es tracta d&#8217;un incendi en una casa o propietat comercial, el dany causat per un incendi pot tenir un impacte devastador, creant danys estructurals i deixant les instal\u00b7lacions inhabitables durant un llarg per\u00edode de temps. A m\u00e9s dels danys visuals i f\u00edsics, els danys per sutge i fum al sostre, les parets i els mobles, els danys per foc tamb\u00e9 poden tenir efectes secundaris que poden provocar problemes de salut.<\/p>\n<p>Per tant, \u00e9s essencial que els danys causats pel foc s&#8217;avalu\u00efn i netegin tan aviat com sigui segur fer-ho. No nom\u00e9s pot causar p\u00e8rdues financeres, sin\u00f3 que un retard o la manca de recerca de restauraci\u00f3 professional contra incendis pot conduir a un deteriorament m\u00e9s gran de l&#8217;edifici i l&#8217;equip.<\/p>\n<p>Comprenem l&#8217;impacte devastador dels incendis i podem oferir un servei professional de restauraci\u00f3, neteja de danys per foc i fum amb una resposta r\u00e0pida i professional.<\/p>\n<p>[\/et_pb_text][\/et_pb_column][\/et_pb_row][et_pb_row column_structure=&#8221;1_2,1_2&#8243; padding_mobile=&#8221;off&#8221; column_padding_mobile=&#8221;on&#8221; admin_label=&#8221;row&#8221; _builder_version=&#8221;4.16&#8243; background_size=&#8221;initial&#8221; background_position=&#8221;top_left&#8221; background_repeat=&#8221;repeat&#8221; custom_padding=&#8221;0px|0px|95px|0px&#8221; make_fullwidth=&#8221;off&#8221; use_custom_width=&#8221;off&#8221; width_unit=&#8221;off&#8221; custom_width_px=&#8221;1080px&#8221; custom_width_percent=&#8221;80%&#8221; global_colors_info=&#8221;{}&#8221;][et_pb_column type=&#8221;1_2&#8243; _builder_version=&#8221;4.16&#8243; custom_padding=&#8221;|||&#8221; global_colors_info=&#8221;{}&#8221; custom_padding__hover=&#8221;|||&#8221;][et_pb_text admin_label=&#8221;Texto&#8221; _builder_version=&#8221;4.17.3&#8243; background_size=&#8221;initial&#8221; background_position=&#8221;top_left&#8221; background_repeat=&#8221;repeat&#8221; use_border_color=&#8221;off&#8221; border_color=&#8221;#ffffff&#8221; border_style=&#8221;solid&#8221; global_colors_info=&#8221;{}&#8221;]<\/p>\n<h3>Neteja de sang i restes biol\u00f2giques<\/h3>\n<p>Estem especialitzats en la neteja forense de sang, fluids corporals i altres materials potencialment infecciosos. Com a netejadors d&#8217;escenes de crim tamb\u00e9 coneixem la remediaci\u00f3 de riscs biol\u00f2gics.<\/p>\n<p>\u00a0Treballem mitjan\u00e7ant la compassi\u00f3 i la integritat, entenem que la zona que cal netejar \u00e9s un lloc d&#8217;una escena del crim o una mort sobtada, sempre en col\u00b7laboraci\u00f3 i permisos amb les autoritats com la policia i els bombers.<\/p>\n<p>\u00a0L&#8217;escena d&#8217;un crim pot contenir riscos i perills diversos; des de sang i fluids corporals fins a runes, vidres trencats, agulles i xeringues. Ja sigui v\u00edctima d&#8217;un robatori, hagi experimentat un assalt a les instal\u00b7lacions o hagi estat exposat a l&#8217;\u00fas de drogues il\u00b7legals al seu edifici, el nostre equip experimentat de netejadors d&#8217;escenes del crim pot fer front a qualsevol situaci\u00f3.<\/p>\n<p>\u00a0D&#8217;aquesta manera, quan la policia ha alliberat l&#8217;escena del crim de les investigacions, els perills encara persisteixen. Amb el risc de lesions i infeccions, el proc\u00e9s de neteja de l&#8217;escena del crim s&#8217;ha de deixar a les mans d&#8217;una empresa de restauraci\u00f3 professional amb coneixements especialitzats, PPE (equip de protecci\u00f3 personal) i equip per dur a terme una descontaminaci\u00f3 exhaustiva de les \u00e0rees afectades.<\/p>\n<p>[\/et_pb_text][\/et_pb_column][et_pb_column type=&#8221;1_2&#8243; _builder_version=&#8221;4.16&#8243; custom_padding=&#8221;|||&#8221; global_colors_info=&#8221;{}&#8221; custom_padding__hover=&#8221;|||&#8221;][et_pb_image src=&#8221;https:\/\/vaciadosdepisosbarcelona.com\/wp-content\/uploads\/2022\/10\/neteges-traumatiques-barcelona.jpg&#8221; alt=&#8221;limpieza-electrodomesticos&#8221; title_text=&#8221;neteges-traumatiques-barcelona&#8221; align=&#8221;right&#8221; align_tablet=&#8221;center&#8221; align_phone=&#8221;center&#8221; align_last_edited=&#8221;on|desktop&#8221; admin_label=&#8221;Imagen&#8221; _builder_version=&#8221;4.17.3&#8243; custom_margin=&#8221;35px|||&#8221; use_border_color=&#8221;off&#8221; border_color=&#8221;#ffffff&#8221; border_width=&#8221;1px&#8221; border_style=&#8221;solid&#8221; animation=&#8221;off&#8221; sticky=&#8221;off&#8221; always_center_on_mobile=&#8221;on&#8221; global_colors_info=&#8221;{}&#8221;][\/et_pb_image][\/et_pb_column][\/et_pb_row][et_pb_row padding_mobile=&#8221;off&#8221; column_padding_mobile=&#8221;on&#8221; admin_label=&#8221;row&#8221; _builder_version=&#8221;4.16&#8243; background_size=&#8221;initial&#8221; background_position=&#8221;top_left&#8221; background_repeat=&#8221;repeat&#8221; make_fullwidth=&#8221;off&#8221; use_custom_width=&#8221;off&#8221; width_unit=&#8221;off&#8221; custom_width_px=&#8221;1080px&#8221; custom_width_percent=&#8221;80%&#8221; global_colors_info=&#8221;{}&#8221;][et_pb_column type=&#8221;4_4&#8243; _builder_version=&#8221;4.16&#8243; custom_padding=&#8221;|||&#8221; global_colors_info=&#8221;{}&#8221; custom_padding__hover=&#8221;|||&#8221;][et_pb_cta title=&#8221;Contacta&#8217;ns&#8221; button_url=&#8221;\/ca\/contacte\/&#8221; button_text=&#8221;Sol\u00b7licita pressupost&#8221; admin_label=&#8221;Llamada a la acci\u00f3n&#8221; _builder_version=&#8221;4.17.3&#8243; header_font=&#8221;||||||||&#8221; body_font=&#8221;||||||||&#8221; background_color=&#8221;rgba(0,0,0,0.05)&#8221; background_size=&#8221;initial&#8221; background_position=&#8221;top_left&#8221; background_repeat=&#8221;repeat&#8221; custom_button=&#8221;on&#8221; button_text_color=&#8221;gcid-3615c591-36fb-45b6-ad33-e62ee703cc27&#8243; button_bg_color=&#8221;#FFFFFF&#8221; button_border_color=&#8221;gcid-3615c591-36fb-45b6-ad33-e62ee703cc27&#8243; button_on_hover=&#8221;off&#8221; background_layout=&#8221;light&#8221; hover_enabled=&#8221;0&#8243; button_text_color_last_edited=&#8221;off|desktop&#8221; use_border_color=&#8221;off&#8221; border_color=&#8221;#ffffff&#8221; border_width=&#8221;1px&#8221; border_style=&#8221;solid&#8221; button_letter_spacing_hover=&#8221;0&#8243; locked=&#8221;off&#8221; global_colors_info=&#8221;{%22gcid-3615c591-36fb-45b6-ad33-e62ee703cc27%22:%91%22button_text_color%22,%22button_border_color%22%93}&#8221; button_text_size__hover_enabled=&#8221;off&#8221; button_one_text_size__hover_enabled=&#8221;off&#8221; button_two_text_size__hover_enabled=&#8221;off&#8221; button_text_color__hover_enabled=&#8221;off|desktop&#8221; button_one_text_color__hover_enabled=&#8221;off&#8221; button_two_text_color__hover_enabled=&#8221;off&#8221; button_border_width__hover_enabled=&#8221;off&#8221; button_one_border_width__hover_enabled=&#8221;off&#8221; button_two_border_width__hover_enabled=&#8221;off&#8221; button_border_color__hover_enabled=&#8221;on|desktop&#8221; button_one_border_color__hover_enabled=&#8221;off&#8221; button_two_border_color__hover_enabled=&#8221;off&#8221; button_border_radius__hover_enabled=&#8221;off&#8221; button_one_border_radius__hover_enabled=&#8221;off&#8221; button_two_border_radius__hover_enabled=&#8221;off&#8221; button_letter_spacing__hover_enabled=&#8221;on&#8221; button_letter_spacing__hover=&#8221;0&#8243; button_one_letter_spacing__hover_enabled=&#8221;off&#8221; button_two_letter_spacing__hover_enabled=&#8221;off&#8221; button_bg_color__hover_enabled=&#8221;on|desktop&#8221; button_one_bg_color__hover_enabled=&#8221;off&#8221; button_two_bg_color__hover_enabled=&#8221;off&#8221; button_bg_color__hover=&#8221;rgba(0,0,0,0.05)&#8221; button_bg_enable_color__hover=&#8221;on&#8221; button_border_color__hover=&#8221;rgba(0,0,0,0)&#8221; button_rel=&#8221;off|off|on|off|off&#8221; sticky_enabled=&#8221;0&#8243;]<\/p>\n<p>Estem a la teva disposici\u00f3 per a qualsevol dubte sobre els nostres serveis, no dubtis a posar-se en contacte amb nosaltres. Demana el teu pressupost personalitzat sense cap comprom\u00eds<\/p>\n<p>[\/et_pb_cta][\/et_pb_column][\/et_pb_row][\/et_pb_section]<\/p>\n","protected":false},"excerpt":{"rendered":"<p>Neteja de casos especials i traum\u00e0ticsProfessionals de neteges especialsHi ha situacions traum\u00e0tiques en qu\u00e8 \u00e9s complicat bregar amb el que ha passat i s&#8217;accentua quan aix\u00f2 passa a la teva pr\u00f2pia llar. \u00c9s possible que el primer que es vol fer \u00e9s netejar el desordre el m\u00e9s r\u00e0pid possible. \u00a0Tant en casos de s\u00edndrome de [&hellip;]<\/p>\n","protected":false},"author":1,"featured_media":0,"parent":0,"menu_order":0,"comment_status":"closed","ping_status":"closed","template":"","meta":{"_et_pb_use_builder":"on","_et_pb_old_content":"","_et_gb_content_width":"","inline_featured_image":false,"_themeisle_gutenberg_block_has_review":false,"footnotes":""},"class_list":["post-1854","page","type-page","status-publish","hentry"],"yoast_head":"<!-- This site is optimized with the Yoast SEO plugin v27.2 - https:\/\/yoast.com\/product\/yoast-seo-wordpress\/ -->\n<title>Neteges traum\u00e0tiques, catastr\u00f2fiques i di\u00f2gens Barcelona<\/title>\n<meta name=\"description\" content=\"Neteja de xoc, exhaustives i urgents a Barcelona. Protocols de desinfecci\u00f3 i tractaments mitjan\u00e7ant m\u00e8todes personalitzats efectius i qu\u00edmics.\" \/>\n<meta name=\"robots\" content=\"index, follow, max-snippet:-1, max-image-preview:large, max-video-preview:-1\" \/>\n<link rel=\"canonical\" href=\"https:\/\/vaciadosdepisosbarcelona.com\/ca\/neteges-especials\/\" \/>\n<meta name=\"twitter:label1\" content=\"Est. reading time\" \/>\n\t<meta name=\"twitter:data1\" content=\"11 minutes\" \/>\n<script type=\"application\/ld+json\" class=\"yoast-schema-graph\">{\"@context\":\"https:\/\/schema.org\",\"@graph\":[{\"@type\":\"WebPage\",\"@id\":\"https:\/\/vaciadosdepisosbarcelona.com\/ca\/neteges-especials\/\",\"url\":\"https:\/\/vaciadosdepisosbarcelona.com\/ca\/neteges-especials\/\",\"name\":\"Neteges traum\u00e0tiques, catastr\u00f2fiques i di\u00f2gens Barcelona\",\"isPartOf\":{\"@id\":\"https:\/\/vaciadosdepisosbarcelona.com\/#website\"},\"datePublished\":\"2017-04-12T10:15:38+00:00\",\"dateModified\":\"2022-10-27T09:21:12+00:00\",\"description\":\"Neteja de xoc, exhaustives i urgents a Barcelona. Protocols de desinfecci\u00f3 i tractaments mitjan\u00e7ant m\u00e8todes personalitzats efectius i qu\u00edmics.\",\"breadcrumb\":{\"@id\":\"https:\/\/vaciadosdepisosbarcelona.com\/ca\/neteges-especials\/#breadcrumb\"},\"inLanguage\":\"ca\",\"potentialAction\":[{\"@type\":\"ReadAction\",\"target\":[\"https:\/\/vaciadosdepisosbarcelona.com\/ca\/neteges-especials\/\"]}]},{\"@type\":\"BreadcrumbList\",\"@id\":\"https:\/\/vaciadosdepisosbarcelona.com\/ca\/neteges-especials\/#breadcrumb\",\"itemListElement\":[{\"@type\":\"ListItem\",\"position\":1,\"name\":\"Portada\",\"item\":\"https:\/\/vaciadosdepisosbarcelona.com\/ca\/\"},{\"@type\":\"ListItem\",\"position\":2,\"name\":\"Neteja en casos especials\"}]},{\"@type\":\"WebSite\",\"@id\":\"https:\/\/vaciadosdepisosbarcelona.com\/#website\",\"url\":\"https:\/\/vaciadosdepisosbarcelona.com\/\",\"name\":\"Vaciado de pisos Barcelona\",\"description\":\"vaciado pisos barcelona\",\"potentialAction\":[{\"@type\":\"SearchAction\",\"target\":{\"@type\":\"EntryPoint\",\"urlTemplate\":\"https:\/\/vaciadosdepisosbarcelona.com\/?s={search_term_string}\"},\"query-input\":{\"@type\":\"PropertyValueSpecification\",\"valueRequired\":true,\"valueName\":\"search_term_string\"}}],\"inLanguage\":\"ca\"}]}<\/script>\n<!-- \/ Yoast SEO plugin. -->","yoast_head_json":{"title":"Neteges traum\u00e0tiques, catastr\u00f2fiques i di\u00f2gens Barcelona","description":"Neteja de xoc, exhaustives i urgents a Barcelona. Protocols de desinfecci\u00f3 i tractaments mitjan\u00e7ant m\u00e8todes personalitzats efectius i qu\u00edmics.","robots":{"index":"index","follow":"follow","max-snippet":"max-snippet:-1","max-image-preview":"max-image-preview:large","max-video-preview":"max-video-preview:-1"},"canonical":"https:\/\/vaciadosdepisosbarcelona.com\/ca\/neteges-especials\/","twitter_misc":{"Est. reading time":"11 minutes"},"schema":{"@context":"https:\/\/schema.org","@graph":[{"@type":"WebPage","@id":"https:\/\/vaciadosdepisosbarcelona.com\/ca\/neteges-especials\/","url":"https:\/\/vaciadosdepisosbarcelona.com\/ca\/neteges-especials\/","name":"Neteges traum\u00e0tiques, catastr\u00f2fiques i di\u00f2gens Barcelona","isPartOf":{"@id":"https:\/\/vaciadosdepisosbarcelona.com\/#website"},"datePublished":"2017-04-12T10:15:38+00:00","dateModified":"2022-10-27T09:21:12+00:00","description":"Neteja de xoc, exhaustives i urgents a Barcelona. Protocols de desinfecci\u00f3 i tractaments mitjan\u00e7ant m\u00e8todes personalitzats efectius i qu\u00edmics.","breadcrumb":{"@id":"https:\/\/vaciadosdepisosbarcelona.com\/ca\/neteges-especials\/#breadcrumb"},"inLanguage":"ca","potentialAction":[{"@type":"ReadAction","target":["https:\/\/vaciadosdepisosbarcelona.com\/ca\/neteges-especials\/"]}]},{"@type":"BreadcrumbList","@id":"https:\/\/vaciadosdepisosbarcelona.com\/ca\/neteges-especials\/#breadcrumb","itemListElement":[{"@type":"ListItem","position":1,"name":"Portada","item":"https:\/\/vaciadosdepisosbarcelona.com\/ca\/"},{"@type":"ListItem","position":2,"name":"Neteja en casos especials"}]},{"@type":"WebSite","@id":"https:\/\/vaciadosdepisosbarcelona.com\/#website","url":"https:\/\/vaciadosdepisosbarcelona.com\/","name":"Vaciado de pisos Barcelona","description":"vaciado pisos barcelona","potentialAction":[{"@type":"SearchAction","target":{"@type":"EntryPoint","urlTemplate":"https:\/\/vaciadosdepisosbarcelona.com\/?s={search_term_string}"},"query-input":{"@type":"PropertyValueSpecification","valueRequired":true,"valueName":"search_term_string"}}],"inLanguage":"ca"}]}},"_links":{"self":[{"href":"https:\/\/vaciadosdepisosbarcelona.com\/ca\/wp-json\/wp\/v2\/pages\/1854","targetHints":{"allow":["GET"]}}],"collection":[{"href":"https:\/\/vaciadosdepisosbarcelona.com\/ca\/wp-json\/wp\/v2\/pages"}],"about":[{"href":"https:\/\/vaciadosdepisosbarcelona.com\/ca\/wp-json\/wp\/v2\/types\/page"}],"author":[{"embeddable":true,"href":"https:\/\/vaciadosdepisosbarcelona.com\/ca\/wp-json\/wp\/v2\/users\/1"}],"replies":[{"embeddable":true,"href":"https:\/\/vaciadosdepisosbarcelona.com\/ca\/wp-json\/wp\/v2\/comments?post=1854"}],"version-history":[{"count":11,"href":"https:\/\/vaciadosdepisosbarcelona.com\/ca\/wp-json\/wp\/v2\/pages\/1854\/revisions"}],"predecessor-version":[{"id":2698,"href":"https:\/\/vaciadosdepisosbarcelona.com\/ca\/wp-json\/wp\/v2\/pages\/1854\/revisions\/2698"}],"wp:attachment":[{"href":"https:\/\/vaciadosdepisosbarcelona.com\/ca\/wp-json\/wp\/v2\/media?parent=1854"}],"curies":[{"name":"wp","href":"https:\/\/api.w.org\/{rel}","templated":true}]}}